{"id":1199,"date":"2021-09-28T10:10:42","date_gmt":"2021-09-28T13:10:42","guid":{"rendered":"http:\/\/www.concurseiro.com\/blog\/?page_id=1199"},"modified":"2023-11-20T16:28:16","modified_gmt":"2023-11-20T19:28:16","slug":"regulamentacao-eja","status":"publish","type":"page","link":"https:\/\/blog.concurseiro.com\/?page_id=1199","title":{"rendered":"Regulamenta\u00e7\u00e3o EJA"},"content":{"rendered":"\t\t<div data-elementor-type=\"wp-page\" data-elementor-id=\"1199\" class=\"elementor elementor-1199\" data-elementor-post-type=\"page\">\n\t\t\t\t\t\t\t\t\t<section class=\"elementor-section elementor-top-section elementor-element elementor-element-651e67e9 elementor-section-content-middle elementor-section-boxed elementor-section-height-default elementor-section-height-default\" data-id=\"651e67e9\" data-element_type=\"section\">\n\t\t\t\t\t\t<div class=\"elementor-container elementor-column-gap-default\">\n\t\t\t\t\t<div class=\"elementor-column elementor-col-33 elementor-top-column elementor-element elementor-element-7c27edec\" data-id=\"7c27edec\" data-element_type=\"column\">\n\t\t\t<div class=\"elementor-widget-wrap elementor-element-populated\">\n\t\t\t\t\t\t\t\t<div class=\"elementor-element elementor-element-da67741 elementor-widget elementor-widget-image\" data-id=\"da67741\" data-element_type=\"widget\" data-widget_type=\"image.default\">\n\t\t\t\t<div class=\"elementor-widget-container\">\n\t\t\t<style>\/*! elementor - v3.17.0 - 08-11-2023 *\/\n.elementor-widget-image{text-align:center}.elementor-widget-image a{display:inline-block}.elementor-widget-image a img[src$=\".svg\"]{width:48px}.elementor-widget-image img{vertical-align:middle;display:inline-block}<\/style>\t\t\t\t\t\t\t\t\t\t\t\t<img decoding=\"async\" width=\"214\" height=\"214\" src=\"https:\/\/blog.concurseiro.com\/wp-content\/uploads\/2023\/11\/Design-sem-nome-2021-10-11T104801.864-e1672320605476.jpg\" class=\"attachment-large size-large wp-image-1381\" alt=\"\" srcset=\"https:\/\/blog.concurseiro.com\/wp-content\/uploads\/2023\/11\/Design-sem-nome-2021-10-11T104801.864-e1672320605476.jpg 214w, https:\/\/blog.concurseiro.com\/wp-content\/uploads\/2023\/11\/Design-sem-nome-2021-10-11T104801.864-e1672320605476-150x150.jpg 150w\" sizes=\"(max-width: 214px) 100vw, 214px\" \/>\t\t\t\t\t\t\t\t\t\t\t\t\t\t\t<\/div>\n\t\t\t\t<\/div>\n\t\t\t\t\t<\/div>\n\t\t<\/div>\n\t\t\t\t<div class=\"elementor-column elementor-col-33 elementor-top-column elementor-element elementor-element-6ca6757\" data-id=\"6ca6757\" data-element_type=\"column\">\n\t\t\t<div class=\"elementor-widget-wrap elementor-element-populated\">\n\t\t\t\t\t\t\t\t<div class=\"elementor-element elementor-element-89ca585 elementor-widget elementor-widget-image\" data-id=\"89ca585\" data-element_type=\"widget\" data-widget_type=\"image.default\">\n\t\t\t\t<div class=\"elementor-widget-container\">\n\t\t\t\t\t\t\t\t\t\t\t\t\t\t\t<img decoding=\"async\" width=\"214\" height=\"71\" src=\"https:\/\/blog.concurseiro.com\/wp-content\/uploads\/2023\/11\/Seduc-CE-e1672320737521.jpg\" class=\"attachment-large size-large wp-image-1383\" alt=\"\" \/>\t\t\t\t\t\t\t\t\t\t\t\t\t\t\t<\/div>\n\t\t\t\t<\/div>\n\t\t\t\t\t<\/div>\n\t\t<\/div>\n\t\t\t\t<div class=\"elementor-column elementor-col-33 elementor-top-column elementor-element elementor-element-fb3f01f\" data-id=\"fb3f01f\" data-element_type=\"column\">\n\t\t\t<div class=\"elementor-widget-wrap elementor-element-populated\">\n\t\t\t\t\t\t\t\t<div class=\"elementor-element elementor-element-45c83ac elementor-widget elementor-widget-image\" data-id=\"45c83ac\" data-element_type=\"widget\" data-widget_type=\"image.default\">\n\t\t\t\t<div class=\"elementor-widget-container\">\n\t\t\t\t\t\t\t\t\t\t\t\t\t\t\t<img decoding=\"async\" width=\"250\" height=\"97\" src=\"https:\/\/blog.concurseiro.com\/wp-content\/uploads\/2023\/11\/logo_branca-3.png\" class=\"attachment-large size-large wp-image-1382\" alt=\"\" \/>\t\t\t\t\t\t\t\t\t\t\t\t\t\t\t<\/div>\n\t\t\t\t<\/div>\n\t\t\t\t\t<\/div>\n\t\t<\/div>\n\t\t\t\t\t\t\t<\/div>\n\t\t<\/section>\n\t\t\t\t<section class=\"elementor-section elementor-top-section elementor-element elementor-element-161edd7 elementor-section-boxed elementor-section-height-default elementor-section-height-default\" data-id=\"161edd7\" data-element_type=\"section\">\n\t\t\t\t\t\t<div class=\"elementor-container elementor-column-gap-default\">\n\t\t\t\t\t<div class=\"elementor-column elementor-col-100 elementor-top-column elementor-element elementor-element-d01706f\" data-id=\"d01706f\" data-element_type=\"column\" data-settings=\"{&quot;background_background&quot;:&quot;classic&quot;}\">\n\t\t\t<div class=\"elementor-widget-wrap elementor-element-populated\">\n\t\t\t\t\t\t\t\t<div class=\"elementor-element elementor-element-c27250c elementor-widget elementor-widget-heading\" data-id=\"c27250c\" data-element_type=\"widget\" data-widget_type=\"heading.default\">\n\t\t\t\t<div class=\"elementor-widget-container\">\n\t\t\t<style>\/*! elementor - v3.17.0 - 08-11-2023 *\/\n.elementor-heading-title{padding:0;margin:0;line-height:1}.elementor-widget-heading .elementor-heading-title[class*=elementor-size-]>a{color:inherit;font-size:inherit;line-height:inherit}.elementor-widget-heading .elementor-heading-title.elementor-size-small{font-size:15px}.elementor-widget-heading .elementor-heading-title.elementor-size-medium{font-size:19px}.elementor-widget-heading .elementor-heading-title.elementor-size-large{font-size:29px}.elementor-widget-heading .elementor-heading-title.elementor-size-xl{font-size:39px}.elementor-widget-heading .elementor-heading-title.elementor-size-xxl{font-size:59px}<\/style><h2 class=\"elementor-heading-title elementor-size-default\">Supletivo EJA (Fundamental e M\u00e9dio)<\/h2>\t\t<\/div>\n\t\t\t\t<\/div>\n\t\t\t\t<div class=\"elementor-element elementor-element-9fbd188 elementor-widget elementor-widget-text-editor\" data-id=\"9fbd188\" data-element_type=\"widget\" data-widget_type=\"text-editor.default\">\n\t\t\t\t<div class=\"elementor-widget-container\">\n\t\t\t<style>\/*! elementor - v3.17.0 - 08-11-2023 *\/\n.elementor-widget-text-editor.elementor-drop-cap-view-stacked .elementor-drop-cap{background-color:#69727d;color:#fff}.elementor-widget-text-editor.elementor-drop-cap-view-framed .elementor-drop-cap{color:#69727d;border:3px solid;background-color:transparent}.elementor-widget-text-editor:not(.elementor-drop-cap-view-default) .elementor-drop-cap{margin-top:8px}.elementor-widget-text-editor:not(.elementor-drop-cap-view-default) .elementor-drop-cap-letter{width:1em;height:1em}.elementor-widget-text-editor .elementor-drop-cap{float:left;text-align:center;line-height:1;font-size:50px}.elementor-widget-text-editor .elementor-drop-cap-letter{display:inline-block}<\/style>\t\t\t\t<p>\u2022 <span style=\"color: #66e0ff;\"><a style=\"color: #66e0ff;\" href=\"https:\/\/www.concurseiro.com\/wp-content\/uploads\/2021\/10\/Nova-Resolucao-MEC-e-CNE-de-Diretrizes-para-o-EJA-1.pdf\">Nova Resolu\u00e7\u00e3o MEC e CNE de Diretrizes para o EJA<\/a><\/span>.<\/p>\n<p>\u2022 Portaria 60\/2022.<\/p>\n<p>\u2022 Para Acessar o <span style=\"color: #66e0ff;\"><a style=\"color: #66e0ff;\" href=\"https:\/\/concurseiro.com\/wp-content\/uploads\/2023\/11\/CONFERENCIA-DE-PARECER-CENTRO-REFERENCIAL-DE-EDUCACAO.pdf\" target=\"_blank\" rel=\"noopener\">Consulta INEP Centro Referencial<\/a><\/span>.<\/p>\n<p>\u2022 Para Acessar o <span style=\"color: #66e0ff;\"><a style=\"color: #66e0ff;\" href=\"https:\/\/www.concurseiro.com\/wp-content\/uploads\/2021\/10\/CNPJ-CONCURSEIRO-1.pdf\" target=\"_blank\" rel=\"noopener\">CNPJ do Concurseiro.com<\/a><\/span>.<br \/>\u2022 Para Acessar o <span style=\"color: #66e0ff;\"><a style=\"color: #66e0ff;\" href=\"https:\/\/www.concurseiro.com\/wp-content\/uploads\/2021\/10\/CNPJ-REFERENCIAL.pdf\" target=\"_blank\" rel=\"noopener\">CNPJ do Centro Referencial de Educa\u00e7\u00e3o<\/a><\/span>.<\/p>\n<p>\u2022 <span style=\"color: #66e0ff;\"><a style=\"color: #66e0ff;\" href=\"https:\/\/www.concurseiro.com\/wp-content\/uploads\/2021\/10\/Parecer-Referencial.pdf\" target=\"_blank\" rel=\"noopener\">Parecer<\/a><\/span> Centro Referencial de Educa\u00e7\u00e3o.<\/p>\t\t\t\t\t\t<\/div>\n\t\t\t\t<\/div>\n\t\t\t\t<div class=\"elementor-element elementor-element-b23743d elementor-align-center elementor-icon-list--layout-traditional elementor-list-item-link-full_width elementor-widget elementor-widget-icon-list\" data-id=\"b23743d\" data-element_type=\"widget\" data-widget_type=\"icon-list.default\">\n\t\t\t\t<div class=\"elementor-widget-container\">\n\t\t\t<link rel=\"stylesheet\" href=\"https:\/\/blog.concurseiro.com\/wp-content\/plugins\/elementor\/assets\/css\/widget-icon-list.min.css\">\t\t<ul class=\"elementor-icon-list-items\">\n\t\t\t\t\t\t\t<li class=\"elementor-icon-list-item\">\n\t\t\t\t\t\t\t\t\t\t\t<a href=\"https:\/\/api.whatsapp.com\/send?phone=555198595714&#038;text=Ola%20td%20bem%3F%20como%20funciona%3F\">\n\n\t\t\t\t\t\t\t\t\t\t\t\t<span class=\"elementor-icon-list-icon\">\n\t\t\t\t\t\t\t<i aria-hidden=\"true\" class=\"fab fa-whatsapp\"><\/i>\t\t\t\t\t\t<\/span>\n\t\t\t\t\t\t\t\t\t\t<span class=\"elementor-icon-list-text\">WhatsApp: (51) 9859-5714<\/span>\n\t\t\t\t\t\t\t\t\t\t\t<\/a>\n\t\t\t\t\t\t\t\t\t<\/li>\n\t\t\t\t\t\t<\/ul>\n\t\t\t\t<\/div>\n\t\t\t\t<\/div>\n\t\t\t\t\t<\/div>\n\t\t<\/div>\n\t\t\t\t\t\t\t<\/div>\n\t\t<\/section>\n\t\t\t\t\t\t\t<\/div>\n\t\t","protected":false},"excerpt":{"rendered":"<p>Supletivo EJA (Fundamental e M\u00e9dio) \u2022 Nova Resolu\u00e7\u00e3o MEC e CNE de Diretrizes para o EJA. \u2022 Portaria 60\/2022. \u2022 Para Acessar o Consulta INEP Centro Referencial. \u2022 Para Acessar o CNPJ do Concurseiro.com.\u2022 Para Acessar o CNPJ do Centro Referencial de Educa\u00e7\u00e3o. \u2022 Parecer Centro Referencial de Educa\u00e7\u00e3o. WhatsApp: (51) 9859-5714<\/p>\n","protected":false},"author":1,"featured_media":0,"parent":0,"menu_order":0,"comment_status":"closed","ping_status":"closed","template":"","meta":{"_joinchat":[]},"yoast_head":"<!-- This site is optimized with the Yoast SEO plugin v21.5 - https:\/\/yoast.com\/wordpress\/plugins\/seo\/ -->\n<title>Concurseiro.com - Regulamenta\u00e7\u00e3o EJA. Resolu\u00e7\u00e3o de Credenciamento.<\/title>\n<meta name=\"description\" content=\"Concurseiro.com - Resolu\u00e7\u00e3o de Credenciamento da Institui\u00e7\u00e3o Resolu\u00e7\u00e3o CEB N. 252. Portaria N. 39\/2021 de 1\u00ba de junho de 2021. - Regulamenta\u00e7\u00e3o EJA\" \/>\n<meta name=\"robots\" content=\"index, follow, max-snippet:-1, max-image-preview:large, max-video-preview:-1\" \/>\n<link rel=\"canonical\" href=\"https:\/\/blog.concurseiro.com\/?page_id=1199\" \/>\n<meta property=\"og:locale\" content=\"pt_BR\" \/>\n<meta property=\"og:type\" content=\"article\" \/>\n<meta property=\"og:title\" content=\"Concurseiro.com - Regulamenta\u00e7\u00e3o EJA. Resolu\u00e7\u00e3o de Credenciamento.\" \/>\n<meta property=\"og:description\" content=\"Concurseiro.com - Resolu\u00e7\u00e3o de Credenciamento da Institui\u00e7\u00e3o Resolu\u00e7\u00e3o CEB N. 252. Portaria N. 39\/2021 de 1\u00ba de junho de 2021. - Regulamenta\u00e7\u00e3o EJA\" \/>\n<meta property=\"og:url\" content=\"https:\/\/blog.concurseiro.com\/?page_id=1199\" \/>\n<meta property=\"og:site_name\" content=\"Concurseiro.com\" \/>\n<meta property=\"article:publisher\" content=\"https:\/\/www.facebook.com\/concurseirocom\/\" \/>\n<meta property=\"article:modified_time\" content=\"2023-11-20T19:28:16+00:00\" \/>\n<meta property=\"og:image\" content=\"https:\/\/blog.concurseiro.com\/wp-content\/uploads\/2023\/11\/Design-sem-nome-2021-10-11T104801.864-e1672320605476.jpg\" \/>\n<meta name=\"twitter:card\" content=\"summary_large_image\" \/>\n<meta name=\"twitter:site\" content=\"@concurseiro_com\" \/>\n<script type=\"application\/ld+json\" class=\"yoast-schema-graph\">{\"@context\":\"https:\/\/schema.org\",\"@graph\":[{\"@type\":\"WebPage\",\"@id\":\"https:\/\/blog.concurseiro.com\/?page_id=1199\",\"url\":\"https:\/\/blog.concurseiro.com\/?page_id=1199\",\"name\":\"Concurseiro.com - Regulamenta\u00e7\u00e3o EJA. Resolu\u00e7\u00e3o de Credenciamento.\",\"isPartOf\":{\"@id\":\"https:\/\/blog.concurseiro.com\/#website\"},\"datePublished\":\"2021-09-28T13:10:42+00:00\",\"dateModified\":\"2023-11-20T19:28:16+00:00\",\"description\":\"Concurseiro.com - Resolu\u00e7\u00e3o de Credenciamento da Institui\u00e7\u00e3o Resolu\u00e7\u00e3o CEB N. 252. Portaria N. 39\/2021 de 1\u00ba de junho de 2021. - Regulamenta\u00e7\u00e3o EJA\",\"breadcrumb\":{\"@id\":\"https:\/\/blog.concurseiro.com\/?page_id=1199#breadcrumb\"},\"inLanguage\":\"pt-BR\",\"potentialAction\":[{\"@type\":\"ReadAction\",\"target\":[\"https:\/\/blog.concurseiro.com\/?page_id=1199\"]}]},{\"@type\":\"BreadcrumbList\",\"@id\":\"https:\/\/blog.concurseiro.com\/?page_id=1199#breadcrumb\",\"itemListElement\":[{\"@type\":\"ListItem\",\"position\":1,\"name\":\"In\u00edcio\",\"item\":\"https:\/\/blog.concurseiro.com\/\"},{\"@type\":\"ListItem\",\"position\":2,\"name\":\"Regulamenta\u00e7\u00e3o EJA\"}]},{\"@type\":\"WebSite\",\"@id\":\"https:\/\/blog.concurseiro.com\/#website\",\"url\":\"https:\/\/blog.concurseiro.com\/\",\"name\":\"Concurseiro.com\",\"description\":\"\",\"publisher\":{\"@id\":\"https:\/\/blog.concurseiro.com\/#organization\"},\"potentialAction\":[{\"@type\":\"SearchAction\",\"target\":{\"@type\":\"EntryPoint\",\"urlTemplate\":\"https:\/\/blog.concurseiro.com\/?s={search_term_string}\"},\"query-input\":\"required name=search_term_string\"}],\"inLanguage\":\"pt-BR\"},{\"@type\":\"Organization\",\"@id\":\"https:\/\/blog.concurseiro.com\/#organization\",\"name\":\"Blog de Estudos \u2013 Concurseiro.com\",\"url\":\"https:\/\/blog.concurseiro.com\/\",\"logo\":{\"@type\":\"ImageObject\",\"inLanguage\":\"pt-BR\",\"@id\":\"https:\/\/blog.concurseiro.com\/#\/schema\/logo\/image\/\",\"url\":\"https:\/\/www.concurseiro.com\/blog\/wp-content\/uploads\/2019\/04\/Copy-of-LOGO3.png\",\"contentUrl\":\"https:\/\/www.concurseiro.com\/blog\/wp-content\/uploads\/2019\/04\/Copy-of-LOGO3.png\",\"width\":1024,\"height\":1024,\"caption\":\"Blog de Estudos \u2013 Concurseiro.com\"},\"image\":{\"@id\":\"https:\/\/blog.concurseiro.com\/#\/schema\/logo\/image\/\"},\"sameAs\":[\"https:\/\/www.facebook.com\/concurseirocom\/\",\"https:\/\/twitter.com\/concurseiro_com\",\"https:\/\/www.instagram.com\/concurseirocom\/\",\"https:\/\/www.youtube.com\/channel\/UCONn5FbDnr0G7BtmfVqJXZA\"]}]}<\/script>\n<!-- \/ Yoast SEO plugin. -->","yoast_head_json":{"title":"Concurseiro.com - Regulamenta\u00e7\u00e3o EJA. Resolu\u00e7\u00e3o de Credenciamento.","description":"Concurseiro.com - Resolu\u00e7\u00e3o de Credenciamento da Institui\u00e7\u00e3o Resolu\u00e7\u00e3o CEB N. 252. Portaria N. 39\/2021 de 1\u00ba de junho de 2021. - Regulamenta\u00e7\u00e3o EJA","robots":{"index":"index","follow":"follow","max-snippet":"max-snippet:-1","max-image-preview":"max-image-preview:large","max-video-preview":"max-video-preview:-1"},"canonical":"https:\/\/blog.concurseiro.com\/?page_id=1199","og_locale":"pt_BR","og_type":"article","og_title":"Concurseiro.com - Regulamenta\u00e7\u00e3o EJA. Resolu\u00e7\u00e3o de Credenciamento.","og_description":"Concurseiro.com - Resolu\u00e7\u00e3o de Credenciamento da Institui\u00e7\u00e3o Resolu\u00e7\u00e3o CEB N. 252. Portaria N. 39\/2021 de 1\u00ba de junho de 2021. - Regulamenta\u00e7\u00e3o EJA","og_url":"https:\/\/blog.concurseiro.com\/?page_id=1199","og_site_name":"Concurseiro.com","article_publisher":"https:\/\/www.facebook.com\/concurseirocom\/","article_modified_time":"2023-11-20T19:28:16+00:00","og_image":[{"url":"https:\/\/blog.concurseiro.com\/wp-content\/uploads\/2023\/11\/Design-sem-nome-2021-10-11T104801.864-e1672320605476.jpg"}],"twitter_card":"summary_large_image","twitter_site":"@concurseiro_com","schema":{"@context":"https:\/\/schema.org","@graph":[{"@type":"WebPage","@id":"https:\/\/blog.concurseiro.com\/?page_id=1199","url":"https:\/\/blog.concurseiro.com\/?page_id=1199","name":"Concurseiro.com - Regulamenta\u00e7\u00e3o EJA. Resolu\u00e7\u00e3o de Credenciamento.","isPartOf":{"@id":"https:\/\/blog.concurseiro.com\/#website"},"datePublished":"2021-09-28T13:10:42+00:00","dateModified":"2023-11-20T19:28:16+00:00","description":"Concurseiro.com - Resolu\u00e7\u00e3o de Credenciamento da Institui\u00e7\u00e3o Resolu\u00e7\u00e3o CEB N. 252. Portaria N. 39\/2021 de 1\u00ba de junho de 2021. - Regulamenta\u00e7\u00e3o EJA","breadcrumb":{"@id":"https:\/\/blog.concurseiro.com\/?page_id=1199#breadcrumb"},"inLanguage":"pt-BR","potentialAction":[{"@type":"ReadAction","target":["https:\/\/blog.concurseiro.com\/?page_id=1199"]}]},{"@type":"BreadcrumbList","@id":"https:\/\/blog.concurseiro.com\/?page_id=1199#breadcrumb","itemListElement":[{"@type":"ListItem","position":1,"name":"In\u00edcio","item":"https:\/\/blog.concurseiro.com\/"},{"@type":"ListItem","position":2,"name":"Regulamenta\u00e7\u00e3o EJA"}]},{"@type":"WebSite","@id":"https:\/\/blog.concurseiro.com\/#website","url":"https:\/\/blog.concurseiro.com\/","name":"Concurseiro.com","description":"","publisher":{"@id":"https:\/\/blog.concurseiro.com\/#organization"},"potentialAction":[{"@type":"SearchAction","target":{"@type":"EntryPoint","urlTemplate":"https:\/\/blog.concurseiro.com\/?s={search_term_string}"},"query-input":"required name=search_term_string"}],"inLanguage":"pt-BR"},{"@type":"Organization","@id":"https:\/\/blog.concurseiro.com\/#organization","name":"Blog de Estudos \u2013 Concurseiro.com","url":"https:\/\/blog.concurseiro.com\/","logo":{"@type":"ImageObject","inLanguage":"pt-BR","@id":"https:\/\/blog.concurseiro.com\/#\/schema\/logo\/image\/","url":"https:\/\/www.concurseiro.com\/blog\/wp-content\/uploads\/2019\/04\/Copy-of-LOGO3.png","contentUrl":"https:\/\/www.concurseiro.com\/blog\/wp-content\/uploads\/2019\/04\/Copy-of-LOGO3.png","width":1024,"height":1024,"caption":"Blog de Estudos \u2013 Concurseiro.com"},"image":{"@id":"https:\/\/blog.concurseiro.com\/#\/schema\/logo\/image\/"},"sameAs":["https:\/\/www.facebook.com\/concurseirocom\/","https:\/\/twitter.com\/concurseiro_com","https:\/\/www.instagram.com\/concurseirocom\/","https:\/\/www.youtube.com\/channel\/UCONn5FbDnr0G7BtmfVqJXZA"]}]}},"_links":{"self":[{"href":"https:\/\/blog.concurseiro.com\/index.php?rest_route=\/wp\/v2\/pages\/1199"}],"collection":[{"href":"https:\/\/blog.concurseiro.com\/index.php?rest_route=\/wp\/v2\/pages"}],"about":[{"href":"https:\/\/blog.concurseiro.com\/index.php?rest_route=\/wp\/v2\/types\/page"}],"author":[{"embeddable":true,"href":"https:\/\/blog.concurseiro.com\/index.php?rest_route=\/wp\/v2\/users\/1"}],"replies":[{"embeddable":true,"href":"https:\/\/blog.concurseiro.com\/index.php?rest_route=%2Fwp%2Fv2%2Fcomments&post=1199"}],"version-history":[{"count":7,"href":"https:\/\/blog.concurseiro.com\/index.php?rest_route=\/wp\/v2\/pages\/1199\/revisions"}],"predecessor-version":[{"id":1386,"href":"https:\/\/blog.concurseiro.com\/index.php?rest_route=\/wp\/v2\/pages\/1199\/revisions\/1386"}],"wp:attachment":[{"href":"https:\/\/blog.concurseiro.com\/index.php?rest_route=%2Fwp%2Fv2%2Fmedia&parent=1199"}],"curies":[{"name":"wp","href":"https:\/\/api.w.org\/{rel}","templated":true}]}}