{"id":95,"date":"2017-11-30T13:09:48","date_gmt":"2017-11-30T16:09:48","guid":{"rendered":"http:\/\/www.concurseiro.com\/blog\/?page_id=95"},"modified":"2019-08-26T18:36:49","modified_gmt":"2019-08-26T21:36:49","slug":"sobre","status":"publish","type":"page","link":"https:\/\/blog.concurseiro.com\/?page_id=95","title":{"rendered":"Uma plataforma de estudos em alta performance que ir\u00e1 acelerar a sua aprova\u00e7\u00e3o!"},"content":{"rendered":"<p>O <span style=\"color: #3366ff;\"><a style=\"color: #3366ff;\" href=\"https:\/\/www.concurseiro.com\"><strong>Concurseiro.com<\/strong><\/a><\/span> \u00e9 uma Plataforma de Estudos que auxilia o aluno na dif\u00edcil jornada de prepara\u00e7\u00e3o para <strong>Concursos P\u00fablicos<\/strong>, <strong>OAB<\/strong>, <strong>Enem<\/strong> e <strong>Vestibular<\/strong>.<\/p>\n<p>Contamos hoje com mais de <strong>100 professores<\/strong> focados nas disciplinas essenciais para sua aprova\u00e7\u00e3o, al\u00e9m de um banco de dados composto por <strong>v\u00eddeo-aulas<\/strong>, <strong>apostilas<\/strong>, <strong>exerc\u00edcios<\/strong> e <strong>simulados<\/strong>, em que voc\u00ea pode testar o seu conhecimento a qualquer momento. Somado a isso, nossos\u00a0concurseiros t\u00eam \u00e0 sua disposi\u00e7\u00e3o a <strong>Biblioteca Pearson<\/strong>, que conta com\u00a0mais de <strong>6000 livros<\/strong> de aproximadamente <strong>40 \u00e1reas do conhecimento<\/strong>\u00a0que servem de suporte na caminhada ao sucesso.<\/p>\n<p>Trabalhamos com <strong>Planos de Estudos<\/strong> direcionados para cada edital, cargo ou exame que voc\u00ea escolher, atrav\u00e9s da nossa plataforma.<\/p>\n<p>Conhe\u00e7a um pouco mais sobre o\u00a0<a href=\"https:\/\/www.concurseiro.com\"><strong>Concurseiro.com<\/strong><\/a>:<\/p>\n<p class=\"responsive-video-wrap clr\"><iframe src=\"https:\/\/player.vimeo.com\/video\/240297609?h=9e929f762d&amp;dnt=1&amp;app_id=122963\" width=\"1200\" height=\"675\" frameborder=\"0\" allow=\"autoplay; fullscreen; picture-in-picture\" allowfullscreen><\/iframe><\/p>\n<h4><\/h4>\n<h4><em>Descubra Nossos Servi\u00e7os<\/em><\/h4>\n<p>Nossos professores, mestres e doutores,\u00a0 produzem material did\u00e1tico para ser consumido em\u00a0<em>alta performance<\/em> atrav\u00e9s da nossa Plataforma<strong>. <\/strong><\/p>\n<p>Hoje, contamos com mais de<strong> 100 professores<\/strong> dedicados \u00e0 atualizar nossa plataforma com conte\u00fado direcionado para as \u00e1reas do conhecimento que s\u00e3o abordadas nos editais que abrem inscri\u00e7\u00f5es em todo o Brasil.<\/p>\n<h4><img decoding=\"async\" class=\"alignleft wp-image-141 size-medium\" src=\"https:\/\/www.concurseiro.com\/blog\/wp-content\/uploads\/2017\/12\/Screenshot_6-300x169.png\" alt=\"\" width=\"300\" height=\"169\" srcset=\"https:\/\/blog.concurseiro.com\/wp-content\/uploads\/2017\/12\/Screenshot_6-300x169.png 300w, https:\/\/blog.concurseiro.com\/wp-content\/uploads\/2017\/12\/Screenshot_6-768x432.png 768w, https:\/\/blog.concurseiro.com\/wp-content\/uploads\/2017\/12\/Screenshot_6-1024x575.png 1024w, https:\/\/blog.concurseiro.com\/wp-content\/uploads\/2017\/12\/Screenshot_6.png 1365w\" sizes=\"(max-width: 300px) 100vw, 300px\" \/><em>Milhares de Quest\u00f5es<\/em><\/h4>\n<p>Um banco de dados composto por mais de <strong>180.000 alternativas<\/strong>\u00a0revisadas para que voc\u00ea possa testar seus conhecimentos e aprender caso tenha errado alguma quest\u00e3o.<\/p>\n<p>&nbsp;<\/p>\n<p>&nbsp;<\/p>\n<h4><em>Pergunte ao Mestre, Revis\u00e3o do Mestre e Aula do Mestre<\/em><img decoding=\"async\" class=\"wp-image-142 size-medium alignright\" src=\"https:\/\/www.concurseiro.com\/blog\/wp-content\/uploads\/2017\/12\/Screenshot_5-300x169.png\" alt=\"\" width=\"300\" height=\"169\" srcset=\"https:\/\/blog.concurseiro.com\/wp-content\/uploads\/2017\/12\/Screenshot_5-300x169.png 300w, https:\/\/blog.concurseiro.com\/wp-content\/uploads\/2017\/12\/Screenshot_5-768x432.png 768w, https:\/\/blog.concurseiro.com\/wp-content\/uploads\/2017\/12\/Screenshot_5-1024x575.png 1024w, https:\/\/blog.concurseiro.com\/wp-content\/uploads\/2017\/12\/Screenshot_5.png 1365w\" sizes=\"(max-width: 300px) 100vw, 300px\" \/><\/h4>\n<p>Atrav\u00e9s do\u00a0<strong>Pergunte ao Mestre<\/strong>,\u00a0<strong>Revis\u00e3o do Mestre<\/strong> e\u00a0<strong>Aula do Mestre<\/strong>, nossos alunos s\u00e3o apresentados a professores, mestres, doutores e PhDs de todas as \u00e1reas do conhecimento, em qualquer lugar do Brasil.<\/p>\n<p>Perguntas, revis\u00f5es de reda\u00e7\u00e3o ou pe\u00e7a processual e aula particular, o aluno do <a href=\"https:\/\/www.concurseiro.com\"><strong>Concurseiro.com<\/strong><\/a> tem a sua disposi\u00e7\u00e3o todos os professores da plataforma.<\/p>\n<h4><em>Radar de Concursos<\/em><\/h4>\n<p>O <strong>Radar de Concursos<\/strong> \u00e9 um servi\u00e7o de alta tecnologia que informa o concurseiro, a abertura de novos concursos em todas as regi\u00f5es do Brasil.<\/p>\n<p><img decoding=\"async\" class=\"aligncenter wp-image-140 size-large\" src=\"https:\/\/www.concurseiro.com\/blog\/wp-content\/uploads\/2017\/12\/Screenshot_3-1024x575.png\" alt=\"\" width=\"1024\" height=\"575\" srcset=\"https:\/\/blog.concurseiro.com\/wp-content\/uploads\/2017\/12\/Screenshot_3-1024x575.png 1024w, https:\/\/blog.concurseiro.com\/wp-content\/uploads\/2017\/12\/Screenshot_3-300x168.png 300w, https:\/\/blog.concurseiro.com\/wp-content\/uploads\/2017\/12\/Screenshot_3-768x431.png 768w, https:\/\/blog.concurseiro.com\/wp-content\/uploads\/2017\/12\/Screenshot_3.png 1365w\" sizes=\"(max-width: 1024px) 100vw, 1024px\" \/><\/p>\n<h4><em>Exame da Ordem dos Advogados do Brasil (OAB)<\/em><\/h4>\n<p>Plano de estudo para OAB, com mais de mil atividades entre video aulas, simulados, exerc\u00edcios, apostilas e a mais completa biblioteca digital do mercado.<\/p>\n<h4><em>Enem e Vestibular das melhores Universidades do Pa\u00eds<\/em><\/h4>\n<p>Divulga\u00e7\u00e3o, acompanhamento e material exclusivo focado para <strong>Enem<\/strong> e <strong>Vestibular<\/strong> das Universidades de maior destaque no territ\u00f3rio nacional. Com esse enfoque, temos a certeza de levar aos alunos o material mais rico para a prepara\u00e7\u00e3o das duas frentes. O primeiro passo para a aprova\u00e7\u00e3o.<\/p>\n<h4><em>Ranking de concurseiros<\/em><\/h4>\n<p>Com uma rede social formada por estudantes de concursos, OAB, Enem e Vestibular, voc\u00ea pode disputar o ranking da plataforma e converter sua pontua\u00e7\u00e3o em cr\u00e9ditos para estudar ainda mais.<\/p>\n<p>Junte-se a maior comunidade de estudantes focados do Brasil!<\/p>\n<h4><em>Convide seus amigos para realizarem simulados em grupo<\/em><\/h4>\n<p>Atrav\u00e9s dessa ferramenta, \u00e9 poss\u00edvel realizar <strong>simulados programados<\/strong>, <strong>n\u00e3o-programados<\/strong> e <strong>em grupo<\/strong>, com outros concurseiros da plataforma, como tamb\u00e9m convidar seus amigos para conhecer a metodologia de alta performance que disponibilizamos aqui no <strong>Concurseiro.com<\/strong>.<\/p>\n<p>Pare de perder tempo procurando conte\u00fados soltos pela internet.<\/p>\n<h3><em><strong>Aprenda a estudar em alta performance.<\/strong><\/em><\/h3>\n<h2><span style=\"color: #3366ff;\"><em>N\u00f3s somos o <a style=\"color: #3366ff;\" href=\"http:\/\/concurseiro.com\"><strong>Concurseiro.com<\/strong><\/a>!<\/em><\/span><\/h2>\n<p><span style=\"color: #999999;\"><a style=\"color: #999999;\" href=\"https:\/\/www.concurseiro.com\"><strong>Cadastre-se agora gratuitamente<\/strong><\/a><\/span><\/p>\n","protected":false},"excerpt":{"rendered":"<p>O Concurseiro.com \u00e9 uma Plataforma de Estudos que auxilia o aluno na dif\u00edcil jornada de prepara\u00e7\u00e3o para Concursos P\u00fablicos, OAB, Enem e Vestibular. Contamos hoje com mais de 100 professores focados nas disciplinas essenciais para sua aprova\u00e7\u00e3o, al\u00e9m de um banco de dados composto por v\u00eddeo-aulas, apostilas, exerc\u00edcios e simulados, em que voc\u00ea pode testar [&hellip;]<\/p>\n","protected":false},"author":1,"featured_media":137,"parent":0,"menu_order":0,"comment_status":"closed","ping_status":"closed","template":"","meta":{"_joinchat":[]},"yoast_head":"<!-- This site is optimized with the Yoast SEO plugin v21.5 - https:\/\/yoast.com\/wordpress\/plugins\/seo\/ -->\n<title>Uma plataforma de estudos em alta performance que ir\u00e1 acelerar a sua aprova\u00e7\u00e3o! - Concurseiro.com<\/title>\n<meta name=\"robots\" content=\"index, follow, max-snippet:-1, max-image-preview:large, max-video-preview:-1\" \/>\n<link rel=\"canonical\" href=\"https:\/\/blog.concurseiro.com\/?page_id=95\" \/>\n<meta property=\"og:locale\" content=\"pt_BR\" \/>\n<meta property=\"og:type\" content=\"article\" \/>\n<meta property=\"og:title\" content=\"Uma plataforma de estudos em alta performance que ir\u00e1 acelerar a sua aprova\u00e7\u00e3o! - Concurseiro.com\" \/>\n<meta property=\"og:description\" content=\"O Concurseiro.com \u00e9 uma Plataforma de Estudos que auxilia o aluno na dif\u00edcil jornada de prepara\u00e7\u00e3o para Concursos P\u00fablicos, OAB, Enem e Vestibular. Contamos hoje com mais de 100 professores focados nas disciplinas essenciais para sua aprova\u00e7\u00e3o, al\u00e9m de um banco de dados composto por v\u00eddeo-aulas, apostilas, exerc\u00edcios e simulados, em que voc\u00ea pode testar [&hellip;]\" \/>\n<meta property=\"og:url\" content=\"https:\/\/blog.concurseiro.com\/?page_id=95\" \/>\n<meta property=\"og:site_name\" content=\"Concurseiro.com\" \/>\n<meta property=\"article:publisher\" content=\"https:\/\/www.facebook.com\/concurseirocom\/\" \/>\n<meta property=\"article:modified_time\" content=\"2019-08-26T21:36:49+00:00\" \/>\n<meta property=\"og:image\" content=\"https:\/\/blog.concurseiro.com\/wp-content\/uploads\/2017\/12\/img-topo-site.png\" \/>\n\t<meta property=\"og:image:width\" content=\"1500\" \/>\n\t<meta property=\"og:image:height\" content=\"759\" \/>\n\t<meta property=\"og:image:type\" content=\"image\/png\" \/>\n<meta name=\"twitter:card\" content=\"summary_large_image\" \/>\n<meta name=\"twitter:site\" content=\"@concurseiro_com\" \/>\n<meta name=\"twitter:label1\" content=\"Est. tempo de leitura\" \/>\n\t<meta name=\"twitter:data1\" content=\"3 minutos\" \/>\n<script type=\"application\/ld+json\" class=\"yoast-schema-graph\">{\"@context\":\"https:\/\/schema.org\",\"@graph\":[{\"@type\":\"WebPage\",\"@id\":\"https:\/\/blog.concurseiro.com\/?page_id=95\",\"url\":\"https:\/\/blog.concurseiro.com\/?page_id=95\",\"name\":\"Uma plataforma de estudos em alta performance que ir\u00e1 acelerar a sua aprova\u00e7\u00e3o! - Concurseiro.com\",\"isPartOf\":{\"@id\":\"https:\/\/blog.concurseiro.com\/#website\"},\"datePublished\":\"2017-11-30T16:09:48+00:00\",\"dateModified\":\"2019-08-26T21:36:49+00:00\",\"breadcrumb\":{\"@id\":\"https:\/\/blog.concurseiro.com\/?page_id=95#breadcrumb\"},\"inLanguage\":\"pt-BR\",\"potentialAction\":[{\"@type\":\"ReadAction\",\"target\":[\"https:\/\/blog.concurseiro.com\/?page_id=95\"]}]},{\"@type\":\"BreadcrumbList\",\"@id\":\"https:\/\/blog.concurseiro.com\/?page_id=95#breadcrumb\",\"itemListElement\":[{\"@type\":\"ListItem\",\"position\":1,\"name\":\"In\u00edcio\",\"item\":\"https:\/\/blog.concurseiro.com\/\"},{\"@type\":\"ListItem\",\"position\":2,\"name\":\"Uma plataforma de estudos em alta performance que ir\u00e1 acelerar a sua aprova\u00e7\u00e3o!\"}]},{\"@type\":\"WebSite\",\"@id\":\"https:\/\/blog.concurseiro.com\/#website\",\"url\":\"https:\/\/blog.concurseiro.com\/\",\"name\":\"Concurseiro.com\",\"description\":\"\",\"publisher\":{\"@id\":\"https:\/\/blog.concurseiro.com\/#organization\"},\"potentialAction\":[{\"@type\":\"SearchAction\",\"target\":{\"@type\":\"EntryPoint\",\"urlTemplate\":\"https:\/\/blog.concurseiro.com\/?s={search_term_string}\"},\"query-input\":\"required name=search_term_string\"}],\"inLanguage\":\"pt-BR\"},{\"@type\":\"Organization\",\"@id\":\"https:\/\/blog.concurseiro.com\/#organization\",\"name\":\"Blog de Estudos \u2013 Concurseiro.com\",\"url\":\"https:\/\/blog.concurseiro.com\/\",\"logo\":{\"@type\":\"ImageObject\",\"inLanguage\":\"pt-BR\",\"@id\":\"https:\/\/blog.concurseiro.com\/#\/schema\/logo\/image\/\",\"url\":\"https:\/\/www.concurseiro.com\/blog\/wp-content\/uploads\/2019\/04\/Copy-of-LOGO3.png\",\"contentUrl\":\"https:\/\/www.concurseiro.com\/blog\/wp-content\/uploads\/2019\/04\/Copy-of-LOGO3.png\",\"width\":1024,\"height\":1024,\"caption\":\"Blog de Estudos \u2013 Concurseiro.com\"},\"image\":{\"@id\":\"https:\/\/blog.concurseiro.com\/#\/schema\/logo\/image\/\"},\"sameAs\":[\"https:\/\/www.facebook.com\/concurseirocom\/\",\"https:\/\/twitter.com\/concurseiro_com\",\"https:\/\/www.instagram.com\/concurseirocom\/\",\"https:\/\/www.youtube.com\/channel\/UCONn5FbDnr0G7BtmfVqJXZA\"]}]}<\/script>\n<!-- \/ Yoast SEO plugin. -->","yoast_head_json":{"title":"Uma plataforma de estudos em alta performance que ir\u00e1 acelerar a sua aprova\u00e7\u00e3o! - Concurseiro.com","robots":{"index":"index","follow":"follow","max-snippet":"max-snippet:-1","max-image-preview":"max-image-preview:large","max-video-preview":"max-video-preview:-1"},"canonical":"https:\/\/blog.concurseiro.com\/?page_id=95","og_locale":"pt_BR","og_type":"article","og_title":"Uma plataforma de estudos em alta performance que ir\u00e1 acelerar a sua aprova\u00e7\u00e3o! - Concurseiro.com","og_description":"O Concurseiro.com \u00e9 uma Plataforma de Estudos que auxilia o aluno na dif\u00edcil jornada de prepara\u00e7\u00e3o para Concursos P\u00fablicos, OAB, Enem e Vestibular. Contamos hoje com mais de 100 professores focados nas disciplinas essenciais para sua aprova\u00e7\u00e3o, al\u00e9m de um banco de dados composto por v\u00eddeo-aulas, apostilas, exerc\u00edcios e simulados, em que voc\u00ea pode testar [&hellip;]","og_url":"https:\/\/blog.concurseiro.com\/?page_id=95","og_site_name":"Concurseiro.com","article_publisher":"https:\/\/www.facebook.com\/concurseirocom\/","article_modified_time":"2019-08-26T21:36:49+00:00","og_image":[{"width":1500,"height":759,"url":"https:\/\/blog.concurseiro.com\/wp-content\/uploads\/2017\/12\/img-topo-site.png","type":"image\/png"}],"twitter_card":"summary_large_image","twitter_site":"@concurseiro_com","twitter_misc":{"Est. tempo de leitura":"3 minutos"},"schema":{"@context":"https:\/\/schema.org","@graph":[{"@type":"WebPage","@id":"https:\/\/blog.concurseiro.com\/?page_id=95","url":"https:\/\/blog.concurseiro.com\/?page_id=95","name":"Uma plataforma de estudos em alta performance que ir\u00e1 acelerar a sua aprova\u00e7\u00e3o! - Concurseiro.com","isPartOf":{"@id":"https:\/\/blog.concurseiro.com\/#website"},"datePublished":"2017-11-30T16:09:48+00:00","dateModified":"2019-08-26T21:36:49+00:00","breadcrumb":{"@id":"https:\/\/blog.concurseiro.com\/?page_id=95#breadcrumb"},"inLanguage":"pt-BR","potentialAction":[{"@type":"ReadAction","target":["https:\/\/blog.concurseiro.com\/?page_id=95"]}]},{"@type":"BreadcrumbList","@id":"https:\/\/blog.concurseiro.com\/?page_id=95#breadcrumb","itemListElement":[{"@type":"ListItem","position":1,"name":"In\u00edcio","item":"https:\/\/blog.concurseiro.com\/"},{"@type":"ListItem","position":2,"name":"Uma plataforma de estudos em alta performance que ir\u00e1 acelerar a sua aprova\u00e7\u00e3o!"}]},{"@type":"WebSite","@id":"https:\/\/blog.concurseiro.com\/#website","url":"https:\/\/blog.concurseiro.com\/","name":"Concurseiro.com","description":"","publisher":{"@id":"https:\/\/blog.concurseiro.com\/#organization"},"potentialAction":[{"@type":"SearchAction","target":{"@type":"EntryPoint","urlTemplate":"https:\/\/blog.concurseiro.com\/?s={search_term_string}"},"query-input":"required name=search_term_string"}],"inLanguage":"pt-BR"},{"@type":"Organization","@id":"https:\/\/blog.concurseiro.com\/#organization","name":"Blog de Estudos \u2013 Concurseiro.com","url":"https:\/\/blog.concurseiro.com\/","logo":{"@type":"ImageObject","inLanguage":"pt-BR","@id":"https:\/\/blog.concurseiro.com\/#\/schema\/logo\/image\/","url":"https:\/\/www.concurseiro.com\/blog\/wp-content\/uploads\/2019\/04\/Copy-of-LOGO3.png","contentUrl":"https:\/\/www.concurseiro.com\/blog\/wp-content\/uploads\/2019\/04\/Copy-of-LOGO3.png","width":1024,"height":1024,"caption":"Blog de Estudos \u2013 Concurseiro.com"},"image":{"@id":"https:\/\/blog.concurseiro.com\/#\/schema\/logo\/image\/"},"sameAs":["https:\/\/www.facebook.com\/concurseirocom\/","https:\/\/twitter.com\/concurseiro_com","https:\/\/www.instagram.com\/concurseirocom\/","https:\/\/www.youtube.com\/channel\/UCONn5FbDnr0G7BtmfVqJXZA"]}]}},"_links":{"self":[{"href":"https:\/\/blog.concurseiro.com\/index.php?rest_route=\/wp\/v2\/pages\/95"}],"collection":[{"href":"https:\/\/blog.concurseiro.com\/index.php?rest_route=\/wp\/v2\/pages"}],"about":[{"href":"https:\/\/blog.concurseiro.com\/index.php?rest_route=\/wp\/v2\/types\/page"}],"author":[{"embeddable":true,"href":"https:\/\/blog.concurseiro.com\/index.php?rest_route=\/wp\/v2\/users\/1"}],"replies":[{"embeddable":true,"href":"https:\/\/blog.concurseiro.com\/index.php?rest_route=%2Fwp%2Fv2%2Fcomments&post=95"}],"version-history":[{"count":15,"href":"https:\/\/blog.concurseiro.com\/index.php?rest_route=\/wp\/v2\/pages\/95\/revisions"}],"predecessor-version":[{"id":790,"href":"https:\/\/blog.concurseiro.com\/index.php?rest_route=\/wp\/v2\/pages\/95\/revisions\/790"}],"wp:featuredmedia":[{"embeddable":true,"href":"https:\/\/blog.concurseiro.com\/index.php?rest_route=\/wp\/v2\/media\/137"}],"wp:attachment":[{"href":"https:\/\/blog.concurseiro.com\/index.php?rest_route=%2Fwp%2Fv2%2Fmedia&parent=95"}],"curies":[{"name":"wp","href":"https:\/\/api.w.org\/{rel}","templated":true}]}}